{"id":124,"date":"2021-06-23T13:33:25","date_gmt":"2021-06-23T13:33:25","guid":{"rendered":"https:\/\/www.mrg-associes.fr\/?page_id=124"},"modified":"2023-09-26T09:37:02","modified_gmt":"2023-09-26T09:37:02","slug":"realisations","status":"publish","type":"page","link":"https:\/\/www.mrg-associes.fr\/?page_id=124","title":{"rendered":"R\u00e9alisations"},"content":{"rendered":"\t\t<div data-elementor-type=\"wp-page\" data-elementor-id=\"124\" class=\"elementor elementor-124\">\n\t\t\t\t\t\t\t\t\t<section class=\"elementor-section elementor-top-section elementor-element elementor-element-eea4d9e elementor-section-boxed elementor-section-height-default elementor-section-height-default\" data-id=\"eea4d9e\" data-element_type=\"section\">\n\t\t\t\t\t\t<div class=\"elementor-container elementor-column-gap-default\">\n\t\t\t\t\t<div class=\"elementor-column elementor-col-100 elementor-top-column elementor-element elementor-element-1be526e\" data-id=\"1be526e\" data-element_type=\"column\">\n\t\t\t<div class=\"elementor-widget-wrap elementor-element-populated\">\n\t\t\t\t\t\t\t\t<div class=\"elementor-element elementor-element-8720c8e elementor-widget elementor-widget-spacer\" data-id=\"8720c8e\" data-element_type=\"widget\" data-widget_type=\"spacer.default\">\n\t\t\t\t<div class=\"elementor-widget-container\">\n\t\t\t\t\t<div class=\"elementor-spacer\">\n\t\t\t<div class=\"elementor-spacer-inner\"><\/div>\n\t\t<\/div>\n\t\t\t\t<\/div>\n\t\t\t\t<\/div>\n\t\t\t\t\t<\/div>\n\t\t<\/div>\n\t\t\t\t\t\t\t<\/div>\n\t\t<\/section>\n\t\t\t\t<section class=\"elementor-section elementor-top-section elementor-element elementor-element-95c5512 elementor-section-boxed elementor-section-height-default elementor-section-height-default\" data-id=\"95c5512\" data-element_type=\"section\">\n\t\t\t\t\t\t<div class=\"elementor-container elementor-column-gap-default\">\n\t\t\t\t\t<div class=\"elementor-column elementor-col-100 elementor-top-column elementor-element elementor-element-6e88dbe\" data-id=\"6e88dbe\" data-element_type=\"column\">\n\t\t\t<div class=\"elementor-widget-wrap elementor-element-populated\">\n\t\t\t\t\t\t\t\t<div class=\"elementor-element elementor-element-dba6f24 elementor-widget elementor-widget-heading\" data-id=\"dba6f24\" data-element_type=\"widget\" data-widget_type=\"heading.default\">\n\t\t\t\t<div class=\"elementor-widget-container\">\n\t\t\t<h2 class=\"elementor-heading-title elementor-size-default\">Nos r\u00e9alisations<\/h2>\t\t<\/div>\n\t\t\t\t<\/div>\n\t\t\t\t\t<\/div>\n\t\t<\/div>\n\t\t\t\t\t\t\t<\/div>\n\t\t<\/section>\n\t\t\t\t<section class=\"elementor-section elementor-top-section elementor-element elementor-element-999fb84 elementor-section-boxed elementor-section-height-default elementor-section-height-default\" data-id=\"999fb84\" data-element_type=\"section\">\n\t\t\t\t\t\t<div class=\"elementor-container elementor-column-gap-default\">\n\t\t\t\t\t<div class=\"elementor-column elementor-col-100 elementor-top-column elementor-element elementor-element-394d6c5\" data-id=\"394d6c5\" data-element_type=\"column\">\n\t\t\t<div class=\"elementor-widget-wrap elementor-element-populated\">\n\t\t\t\t\t\t\t\t<div class=\"elementor-element elementor-element-aaa89e1 elementor-widget elementor-widget-spacer\" data-id=\"aaa89e1\" data-element_type=\"widget\" data-widget_type=\"spacer.default\">\n\t\t\t\t<div class=\"elementor-widget-container\">\n\t\t\t\t\t<div class=\"elementor-spacer\">\n\t\t\t<div class=\"elementor-spacer-inner\"><\/div>\n\t\t<\/div>\n\t\t\t\t<\/div>\n\t\t\t\t<\/div>\n\t\t\t\t\t<\/div>\n\t\t<\/div>\n\t\t\t\t\t\t\t<\/div>\n\t\t<\/section>\n\t\t\t\t<section class=\"elementor-section elementor-top-section elementor-element elementor-element-5127327 elementor-section-boxed elementor-section-height-default elementor-section-height-default\" data-id=\"5127327\" data-element_type=\"section\">\n\t\t\t\t\t\t<div class=\"elementor-container elementor-column-gap-default\">\n\t\t\t\t\t<div class=\"elementor-column elementor-col-50 elementor-top-column elementor-element elementor-element-33ac7b1\" data-id=\"33ac7b1\" data-element_type=\"column\">\n\t\t\t<div class=\"elementor-widget-wrap elementor-element-populated\">\n\t\t\t\t\t\t\t\t<div class=\"elementor-element elementor-element-7c65452 elementor-invisible elementor-widget elementor-widget-image\" data-id=\"7c65452\" data-element_type=\"widget\" data-settings=\"{&quot;_animation&quot;:&quot;fadeInDown&quot;}\" data-widget_type=\"image.default\">\n\t\t\t\t<div class=\"elementor-widget-container\">\n\t\t\t\t\t\t\t\t\t\t\t\t\t\t\t\t<a href=\"https:\/\/www.mrg-associes.fr\/?page_id=126\">\n\t\t\t\t\t\t\t<img loading=\"lazy\" decoding=\"async\" width=\"1024\" height=\"1024\" src=\"https:\/\/www.mrg-associes.fr\/wp-content\/uploads\/2023\/09\/constructions-neuves.jpg\" class=\"attachment-large size-large wp-image-3856\" alt=\"\" srcset=\"https:\/\/www.mrg-associes.fr\/wp-content\/uploads\/2023\/09\/constructions-neuves.jpg 1024w, https:\/\/www.mrg-associes.fr\/wp-content\/uploads\/2023\/09\/constructions-neuves-300x300.jpg 300w, https:\/\/www.mrg-associes.fr\/wp-content\/uploads\/2023\/09\/constructions-neuves-150x150.jpg 150w, https:\/\/www.mrg-associes.fr\/wp-content\/uploads\/2023\/09\/constructions-neuves-768x768.jpg 768w\" sizes=\"auto, (max-width: 1024px) 100vw, 1024px\" \/>\t\t\t\t\t\t\t\t<\/a>\n\t\t\t\t\t\t\t\t\t\t\t\t\t\t\t<\/div>\n\t\t\t\t<\/div>\n\t\t\t\t\t<\/div>\n\t\t<\/div>\n\t\t\t\t<div class=\"elementor-column elementor-col-50 elementor-top-column elementor-element elementor-element-d8b2af7\" data-id=\"d8b2af7\" data-element_type=\"column\">\n\t\t\t<div class=\"elementor-widget-wrap elementor-element-populated\">\n\t\t\t\t\t\t\t\t<div class=\"elementor-element elementor-element-f7db686 elementor-invisible elementor-widget elementor-widget-image\" data-id=\"f7db686\" data-element_type=\"widget\" data-settings=\"{&quot;_animation&quot;:&quot;fadeInDown&quot;}\" data-widget_type=\"image.default\">\n\t\t\t\t<div class=\"elementor-widget-container\">\n\t\t\t\t\t\t\t\t\t\t\t\t\t\t\t\t<a href=\"https:\/\/www.mrg-associes.fr\/?page_id=141\">\n\t\t\t\t\t\t\t<img loading=\"lazy\" decoding=\"async\" width=\"1024\" height=\"1024\" src=\"https:\/\/www.mrg-associes.fr\/wp-content\/uploads\/2023\/09\/extensions.jpg\" class=\"attachment-large size-large wp-image-3860\" alt=\"\" srcset=\"https:\/\/www.mrg-associes.fr\/wp-content\/uploads\/2023\/09\/extensions.jpg 1024w, https:\/\/www.mrg-associes.fr\/wp-content\/uploads\/2023\/09\/extensions-300x300.jpg 300w, https:\/\/www.mrg-associes.fr\/wp-content\/uploads\/2023\/09\/extensions-150x150.jpg 150w, https:\/\/www.mrg-associes.fr\/wp-content\/uploads\/2023\/09\/extensions-768x768.jpg 768w\" sizes=\"auto, (max-width: 1024px) 100vw, 1024px\" \/>\t\t\t\t\t\t\t\t<\/a>\n\t\t\t\t\t\t\t\t\t\t\t\t\t\t\t<\/div>\n\t\t\t\t<\/div>\n\t\t\t\t\t<\/div>\n\t\t<\/div>\n\t\t\t\t\t\t\t<\/div>\n\t\t<\/section>\n\t\t\t\t<section class=\"elementor-section elementor-top-section elementor-element elementor-element-1001af0 elementor-section-boxed elementor-section-height-default elementor-section-height-default\" data-id=\"1001af0\" data-element_type=\"section\">\n\t\t\t\t\t\t<div class=\"elementor-container elementor-column-gap-default\">\n\t\t\t\t\t<div class=\"elementor-column elementor-col-50 elementor-top-column elementor-element elementor-element-61dcc7b\" data-id=\"61dcc7b\" data-element_type=\"column\">\n\t\t\t<div class=\"elementor-widget-wrap elementor-element-populated\">\n\t\t\t\t\t\t\t\t<div class=\"elementor-element elementor-element-cc38319 elementor-invisible elementor-widget elementor-widget-image\" data-id=\"cc38319\" data-element_type=\"widget\" data-settings=\"{&quot;_animation&quot;:&quot;fadeInDown&quot;}\" data-widget_type=\"image.default\">\n\t\t\t\t<div class=\"elementor-widget-container\">\n\t\t\t\t\t\t\t\t\t\t\t\t\t\t\t\t<a href=\"https:\/\/www.mrg-associes.fr\/?page_id=136\">\n\t\t\t\t\t\t\t<img loading=\"lazy\" decoding=\"async\" width=\"1024\" height=\"1024\" src=\"https:\/\/www.mrg-associes.fr\/wp-content\/uploads\/2023\/09\/renovations-1.jpg\" class=\"attachment-large size-large wp-image-3972\" alt=\"\" srcset=\"https:\/\/www.mrg-associes.fr\/wp-content\/uploads\/2023\/09\/renovations-1.jpg 1024w, https:\/\/www.mrg-associes.fr\/wp-content\/uploads\/2023\/09\/renovations-1-300x300.jpg 300w, https:\/\/www.mrg-associes.fr\/wp-content\/uploads\/2023\/09\/renovations-1-150x150.jpg 150w, https:\/\/www.mrg-associes.fr\/wp-content\/uploads\/2023\/09\/renovations-1-768x768.jpg 768w\" sizes=\"auto, (max-width: 1024px) 100vw, 1024px\" \/>\t\t\t\t\t\t\t\t<\/a>\n\t\t\t\t\t\t\t\t\t\t\t\t\t\t\t<\/div>\n\t\t\t\t<\/div>\n\t\t\t\t\t<\/div>\n\t\t<\/div>\n\t\t\t\t<div class=\"elementor-column elementor-col-50 elementor-top-column elementor-element elementor-element-6688262\" data-id=\"6688262\" data-element_type=\"column\">\n\t\t\t<div class=\"elementor-widget-wrap elementor-element-populated\">\n\t\t\t\t\t\t\t\t<div class=\"elementor-element elementor-element-507c9d9 elementor-invisible elementor-widget elementor-widget-image\" data-id=\"507c9d9\" data-element_type=\"widget\" data-settings=\"{&quot;_animation&quot;:&quot;fadeInDown&quot;}\" data-widget_type=\"image.default\">\n\t\t\t\t<div class=\"elementor-widget-container\">\n\t\t\t\t\t\t\t\t\t\t\t\t\t\t\t\t<a href=\"https:\/\/www.mrg-associes.fr\/?page_id=3885\">\n\t\t\t\t\t\t\t<img loading=\"lazy\" decoding=\"async\" width=\"1024\" height=\"1024\" src=\"https:\/\/www.mrg-associes.fr\/wp-content\/uploads\/2023\/09\/essai-copie-1.jpg\" class=\"attachment-large size-large wp-image-3970\" alt=\"\" srcset=\"https:\/\/www.mrg-associes.fr\/wp-content\/uploads\/2023\/09\/essai-copie-1.jpg 1024w, https:\/\/www.mrg-associes.fr\/wp-content\/uploads\/2023\/09\/essai-copie-1-300x300.jpg 300w, https:\/\/www.mrg-associes.fr\/wp-content\/uploads\/2023\/09\/essai-copie-1-150x150.jpg 150w, https:\/\/www.mrg-associes.fr\/wp-content\/uploads\/2023\/09\/essai-copie-1-768x768.jpg 768w\" sizes=\"auto, (max-width: 1024px) 100vw, 1024px\" \/>\t\t\t\t\t\t\t\t<\/a>\n\t\t\t\t\t\t\t\t\t\t\t\t\t\t\t<\/div>\n\t\t\t\t<\/div>\n\t\t\t\t\t<\/div>\n\t\t<\/div>\n\t\t\t\t\t\t\t<\/div>\n\t\t<\/section>\n\t\t\t\t\t\t\t<\/div>\n\t\t","protected":false},"excerpt":{"rendered":"<p>Nos r\u00e9alisations<\/p>\n","protected":false},"author":1,"featured_media":0,"parent":0,"menu_order":3,"comment_status":"closed","ping_status":"closed","template":"","meta":{"ngg_post_thumbnail":0,"footnotes":""},"class_list":["post-124","page","type-page","status-publish","hentry"],"yoast_head":"<!-- This site is optimized with the Yoast SEO plugin v21.2 - https:\/\/yoast.com\/wordpress\/plugins\/seo\/ -->\n<title>R\u00e9alisations - Constructions, R\u00e9novations, Extensions<\/title>\n<meta name=\"description\" content=\"MRG &amp; associ\u00e9s propose des missions sur-mesure, en fonction du type de projet qui lui est confi\u00e9. D\u00e9couvrez nos r\u00e9alisations.\" \/>\n<meta name=\"robots\" content=\"index, follow, max-snippet:-1, max-image-preview:large, max-video-preview:-1\" \/>\n<link rel=\"canonical\" href=\"https:\/\/www.mrg-associes.fr\/?page_id=124\" \/>\n<meta property=\"og:locale\" content=\"fr_FR\" \/>\n<meta property=\"og:type\" content=\"article\" \/>\n<meta property=\"og:title\" content=\"R\u00e9alisations - Constructions, R\u00e9novations, Extensions\" \/>\n<meta property=\"og:description\" content=\"MRG &amp; associ\u00e9s propose des missions sur-mesure, en fonction du type de projet qui lui est confi\u00e9. D\u00e9couvrez nos r\u00e9alisations.\" \/>\n<meta property=\"og:url\" content=\"https:\/\/www.mrg-associes.fr\/?page_id=124\" \/>\n<meta property=\"article:modified_time\" content=\"2023-09-26T09:37:02+00:00\" \/>\n<meta property=\"og:image\" content=\"https:\/\/www.mrg-associes.fr\/wp-content\/uploads\/2023\/09\/constructions-neuves.jpg\" \/>\n<meta name=\"twitter:card\" content=\"summary_large_image\" \/>\n<meta name=\"twitter:label1\" content=\"Dur\u00e9e de lecture estim\u00e9e\" \/>\n\t<meta name=\"twitter:data1\" content=\"1 minute\" \/>\n<script type=\"application\/ld+json\" class=\"yoast-schema-graph\">{\"@context\":\"https:\/\/schema.org\",\"@graph\":[{\"@type\":\"WebPage\",\"@id\":\"https:\/\/www.mrg-associes.fr\/?page_id=124\",\"url\":\"https:\/\/www.mrg-associes.fr\/?page_id=124\",\"name\":\"R\u00e9alisations - Constructions, R\u00e9novations, Extensions\",\"isPartOf\":{\"@id\":\"https:\/\/www.mrg-associes.fr\/#website\"},\"datePublished\":\"2021-06-23T13:33:25+00:00\",\"dateModified\":\"2023-09-26T09:37:02+00:00\",\"description\":\"MRG & associ\u00e9s propose des missions sur-mesure, en fonction du type de projet qui lui est confi\u00e9. D\u00e9couvrez nos r\u00e9alisations.\",\"breadcrumb\":{\"@id\":\"https:\/\/www.mrg-associes.fr\/?page_id=124#breadcrumb\"},\"inLanguage\":\"fr-FR\",\"potentialAction\":[{\"@type\":\"ReadAction\",\"target\":[\"https:\/\/www.mrg-associes.fr\/?page_id=124\"]}]},{\"@type\":\"BreadcrumbList\",\"@id\":\"https:\/\/www.mrg-associes.fr\/?page_id=124#breadcrumb\",\"itemListElement\":[{\"@type\":\"ListItem\",\"position\":1,\"name\":\"Accueil\",\"item\":\"https:\/\/www.mrg-associes.fr\/\"},{\"@type\":\"ListItem\",\"position\":2,\"name\":\"R\u00e9alisations\"}]},{\"@type\":\"WebSite\",\"@id\":\"https:\/\/www.mrg-associes.fr\/#website\",\"url\":\"https:\/\/www.mrg-associes.fr\/\",\"name\":\"\",\"description\":\"MRG &amp; associ\u00e9s - ma\u00eetrise d&#039;oeuvre\",\"potentialAction\":[{\"@type\":\"SearchAction\",\"target\":{\"@type\":\"EntryPoint\",\"urlTemplate\":\"https:\/\/www.mrg-associes.fr\/?s={search_term_string}\"},\"query-input\":\"required name=search_term_string\"}],\"inLanguage\":\"fr-FR\"}]}<\/script>\n<!-- \/ Yoast SEO plugin. -->","yoast_head_json":{"title":"R\u00e9alisations - Constructions, R\u00e9novations, Extensions","description":"MRG & associ\u00e9s propose des missions sur-mesure, en fonction du type de projet qui lui est confi\u00e9. D\u00e9couvrez nos r\u00e9alisations.","robots":{"index":"index","follow":"follow","max-snippet":"max-snippet:-1","max-image-preview":"max-image-preview:large","max-video-preview":"max-video-preview:-1"},"canonical":"https:\/\/www.mrg-associes.fr\/?page_id=124","og_locale":"fr_FR","og_type":"article","og_title":"R\u00e9alisations - Constructions, R\u00e9novations, Extensions","og_description":"MRG & associ\u00e9s propose des missions sur-mesure, en fonction du type de projet qui lui est confi\u00e9. D\u00e9couvrez nos r\u00e9alisations.","og_url":"https:\/\/www.mrg-associes.fr\/?page_id=124","article_modified_time":"2023-09-26T09:37:02+00:00","og_image":[{"url":"https:\/\/www.mrg-associes.fr\/wp-content\/uploads\/2023\/09\/constructions-neuves.jpg"}],"twitter_card":"summary_large_image","twitter_misc":{"Dur\u00e9e de lecture estim\u00e9e":"1 minute"},"schema":{"@context":"https:\/\/schema.org","@graph":[{"@type":"WebPage","@id":"https:\/\/www.mrg-associes.fr\/?page_id=124","url":"https:\/\/www.mrg-associes.fr\/?page_id=124","name":"R\u00e9alisations - Constructions, R\u00e9novations, Extensions","isPartOf":{"@id":"https:\/\/www.mrg-associes.fr\/#website"},"datePublished":"2021-06-23T13:33:25+00:00","dateModified":"2023-09-26T09:37:02+00:00","description":"MRG & associ\u00e9s propose des missions sur-mesure, en fonction du type de projet qui lui est confi\u00e9. D\u00e9couvrez nos r\u00e9alisations.","breadcrumb":{"@id":"https:\/\/www.mrg-associes.fr\/?page_id=124#breadcrumb"},"inLanguage":"fr-FR","potentialAction":[{"@type":"ReadAction","target":["https:\/\/www.mrg-associes.fr\/?page_id=124"]}]},{"@type":"BreadcrumbList","@id":"https:\/\/www.mrg-associes.fr\/?page_id=124#breadcrumb","itemListElement":[{"@type":"ListItem","position":1,"name":"Accueil","item":"https:\/\/www.mrg-associes.fr\/"},{"@type":"ListItem","position":2,"name":"R\u00e9alisations"}]},{"@type":"WebSite","@id":"https:\/\/www.mrg-associes.fr\/#website","url":"https:\/\/www.mrg-associes.fr\/","name":"","description":"MRG &amp; associ\u00e9s - ma\u00eetrise d&#039;oeuvre","potentialAction":[{"@type":"SearchAction","target":{"@type":"EntryPoint","urlTemplate":"https:\/\/www.mrg-associes.fr\/?s={search_term_string}"},"query-input":"required name=search_term_string"}],"inLanguage":"fr-FR"}]}},"_links":{"self":[{"href":"https:\/\/www.mrg-associes.fr\/index.php?rest_route=\/wp\/v2\/pages\/124","targetHints":{"allow":["GET"]}}],"collection":[{"href":"https:\/\/www.mrg-associes.fr\/index.php?rest_route=\/wp\/v2\/pages"}],"about":[{"href":"https:\/\/www.mrg-associes.fr\/index.php?rest_route=\/wp\/v2\/types\/page"}],"author":[{"embeddable":true,"href":"https:\/\/www.mrg-associes.fr\/index.php?rest_route=\/wp\/v2\/users\/1"}],"replies":[{"embeddable":true,"href":"https:\/\/www.mrg-associes.fr\/index.php?rest_route=%2Fwp%2Fv2%2Fcomments&post=124"}],"version-history":[{"count":69,"href":"https:\/\/www.mrg-associes.fr\/index.php?rest_route=\/wp\/v2\/pages\/124\/revisions"}],"predecessor-version":[{"id":4014,"href":"https:\/\/www.mrg-associes.fr\/index.php?rest_route=\/wp\/v2\/pages\/124\/revisions\/4014"}],"wp:attachment":[{"href":"https:\/\/www.mrg-associes.fr\/index.php?rest_route=%2Fwp%2Fv2%2Fmedia&parent=124"}],"curies":[{"name":"wp","href":"https:\/\/api.w.org\/{rel}","templated":true}]}}