{"id":589,"date":"2021-06-25T17:01:25","date_gmt":"2021-06-25T17:01:25","guid":{"rendered":"https:\/\/www.mrg-associes.fr\/?page_id=589"},"modified":"2023-09-26T09:49:05","modified_gmt":"2023-09-26T09:49:05","slug":"mentions-legales","status":"publish","type":"page","link":"https:\/\/www.mrg-associes.fr\/?page_id=589","title":{"rendered":"Mentions l\u00e9gales"},"content":{"rendered":"\t\t<div data-elementor-type=\"wp-page\" data-elementor-id=\"589\" class=\"elementor elementor-589\">\n\t\t\t\t\t\t\t\t\t<section class=\"elementor-section elementor-top-section elementor-element elementor-element-d54e5a5 elementor-section-boxed elementor-section-height-default elementor-section-height-default\" data-id=\"d54e5a5\" data-element_type=\"section\">\n\t\t\t\t\t\t<div class=\"elementor-container elementor-column-gap-default\">\n\t\t\t\t\t<div class=\"elementor-column elementor-col-100 elementor-top-column elementor-element elementor-element-7f7b399\" data-id=\"7f7b399\" data-element_type=\"column\">\n\t\t\t<div class=\"elementor-widget-wrap elementor-element-populated\">\n\t\t\t\t\t\t\t\t<div class=\"elementor-element elementor-element-de2630e elementor-widget elementor-widget-text-editor\" data-id=\"de2630e\" data-element_type=\"widget\" data-widget_type=\"text-editor.default\">\n\t\t\t\t<div class=\"elementor-widget-container\">\n\t\t\t\t\t\t\t<h2>1. Pr\u00e9sentation du site.<\/h2><p>En vertu de l\u2019article 6 de la loi n\u00b0 2004-575 du 21 juin 2004 pour la confiance dans l\u2019\u00e9conomie num\u00e9rique, il est pr\u00e9cis\u00e9 aux utilisateurs du site\u00a0<a href=\"https:\/\/www.mrg-associes.fr\/\">https:\/\/www.mrg-associes.fr\/<\/a> l\u2019identit\u00e9 des diff\u00e9rents intervenants dans le cadre de sa r\u00e9alisation et de son suivi :<\/p><p><strong>Propri\u00e9taire<\/strong> : MRG &amp; associ\u00e9s, 80 route de Noailleux, 69270 Cailloux sur Fontaines<br \/><strong>Responsable publication<\/strong> : MRG &amp; associ\u00e9s \u2013 <a href=\"mailto:contact@mrg-associes.fr\">contact@mrg-associes.fr<\/a><br \/>Le responsable publication est une personne physique ou une personne morale.<br \/><strong>H\u00e9bergeur<\/strong> : One System, ZAE FOLLIOUSES, 29 Rue de Folliouse, 01700 Miribel<\/p><h2>2. Conditions g\u00e9n\u00e9rales d\u2019utilisation du site et des services propos\u00e9s.<\/h2><p>L\u2019utilisation du site https:\/\/www.mrg-associes.fr\/\u00a0implique l\u2019acceptation pleine et enti\u00e8re des conditions g\u00e9n\u00e9rales d\u2019utilisation ci-apr\u00e8s d\u00e9crites. Ces conditions d\u2019utilisation sont susceptibles d\u2019\u00eatre modifi\u00e9es ou compl\u00e9t\u00e9es \u00e0 tout moment, les utilisateurs du site\u00a0<a href=\"https:\/\/www.formidable.archi\/\">https:\/\/www.mrg-associes.fr\/<\/a>\u00a0sont donc invit\u00e9s \u00e0 les consulter de mani\u00e8re r\u00e9guli\u00e8re.<\/p><p>Ce site est normalement accessible \u00e0 tout moment aux utilisateurs. Une interruption pour raison de maintenance technique peut \u00eatre toutefois d\u00e9cid\u00e9e par MRG &amp; associ\u00e9s, qui s\u2019efforcera alors de communiquer pr\u00e9alablement aux utilisateurs les dates et heures de l\u2019intervention.<\/p><p>Le site https:\/\/www.mrg-associes.fr\/ est mis \u00e0 jour r\u00e9guli\u00e8rement par MRG &amp; associ\u00e9s. De la m\u00eame fa\u00e7on, les mentions l\u00e9gales peuvent \u00eatre modifi\u00e9es \u00e0 tout moment : elles s\u2019imposent n\u00e9anmoins \u00e0 l\u2019utilisateur qui est invit\u00e9 \u00e0 s\u2019y r\u00e9f\u00e9rer le plus souvent possible afin d\u2019en prendre connaissance.<\/p><h2>3. Description des services fournis.<\/h2><p>Le site https:\/\/www.mrg-associes.fr\/\u00a0a pour objet de fournir une information concernant l\u2019ensemble des activit\u00e9s de la soci\u00e9t\u00e9.<\/p><p>MRG &amp; associ\u00e9s s\u2019efforce de fournir sur le site https:\/\/www.mrg-associes.fr\/ des informations aussi pr\u00e9cises que possible. Toutefois, il ne pourra \u00eatre tenu responsable des omissions, des inexactitudes et des carences dans la mise \u00e0 jour, qu\u2019elles soient de son fait ou du fait des tiers partenaires qui lui fournissent ces informations.<\/p><p>Tous les informations indiqu\u00e9es sur le site https:\/\/www.mrg-associes.fr\/ sont donn\u00e9es \u00e0 titre indicatif, et sont susceptibles d\u2019\u00e9voluer. Par ailleurs, les renseignements figurant sur le site https:\/\/www.mrg-associes.fr\/\u00a0ne sont pas exhaustifs. Ils sont donn\u00e9s sous r\u00e9serve de modifications ayant \u00e9t\u00e9 apport\u00e9es depuis leur mise en ligne.<\/p><h2>4. Limitations contractuelles sur les donn\u00e9es techniques.<\/h2><p>Le site utilise la technologie PHP.<\/p><p>Le site Internet ne pourra \u00eatre tenu responsable de dommages mat\u00e9riels li\u00e9s \u00e0 l\u2019utilisation du site. De plus, l\u2019utilisateur du site s\u2019engage \u00e0 acc\u00e9der au site en utilisant un mat\u00e9riel r\u00e9cent, ne contenant pas de virus et avec un navigateur de derni\u00e8re g\u00e9n\u00e9ration mis-\u00e0-jour<\/p><h2>5. Propri\u00e9t\u00e9 intellectuelle et contrefa\u00e7ons.<\/h2><p>MRG &amp; associ\u00e9s est propri\u00e9taire des droits de propri\u00e9t\u00e9 intellectuelle ou d\u00e9tient les droits d\u2019usage sur tous les \u00e9l\u00e9ments accessibles sur le site, notamment les textes, images, graphismes, logo, ic\u00f4nes, sons, logiciels.<\/p><p>Sauf \u00e0 ce qu\u2019il en soit stipul\u00e9 autrement pour les photos, toute reproduction, repr\u00e9sentation, modification, publication, adaptation de tout ou partie des \u00e9l\u00e9ments du site, quel que soit le moyen ou le proc\u00e9d\u00e9 utilis\u00e9, est interdite, sauf autorisation \u00e9crite pr\u00e9alable de : MRG &amp; associ\u00e9s.<\/p><p>Toute exploitation non autoris\u00e9e du site ou d&rsquo;un quelconque \u00e9l\u00e9ment qu\u2019il contient sera consid\u00e9r\u00e9e comme constitutive d\u2019une contrefa\u00e7on et poursuivie conform\u00e9ment aux dispositions des articles L.335-2 et suivants du Code de Propri\u00e9t\u00e9 Intellectuelle.<\/p><h2>6. Limitations de responsabilit\u00e9.<\/h2><p>MRG &amp; associ\u00e9s ne pourra \u00eatre tenu responsable des dommages directs et indirects caus\u00e9s au mat\u00e9riel de l\u2019utilisateur, lors de l\u2019acc\u00e8s au site https:\/\/www.mrg-associes.fr\/, et r\u00e9sultant soit de l\u2019utilisation d\u2019un mat\u00e9riel ne r\u00e9pondant pas aux sp\u00e9cifications indiqu\u00e9es au point 4, soit de l\u2019apparition d\u2019un bug ou d\u2019une incompatibilit\u00e9.<\/p><p>MRG &amp; associ\u00e9s ne pourra \u00e9galement \u00eatre tenu responsable des dommages indirects (tels par exemple qu\u2019une perte de march\u00e9 ou perte d\u2019une chance) cons\u00e9cutifs \u00e0 l\u2019utilisation du site <a href=\"https:\/\/www.mrg-associes.fr\/\">https:\/\/www.mrg-associes.fr\/<\/a>.<\/p><h2>7. Gestion des donn\u00e9es personnelles.<\/h2><p>En France, les donn\u00e9es personnelles sont notamment prot\u00e9g\u00e9es par la loi n\u00b0 78-87 du 6 janvier 1978, la loi n\u00b0 2004-801 du 6 ao\u00fbt 2004, l\u2019article L. 226-13 du Code p\u00e9nal et la Directive Europ\u00e9enne du 24 octobre 1995.<\/p><p>MRG &amp; associ\u00e9s ne collecte aucune informations personnelles relatives \u00e0 l\u2019utilisateur.\u00a0<\/p><p>Le site n\u2019est pas d\u00e9clar\u00e9 \u00e0 la CNIL car il ne recueille pas d\u2019informations personnelles.<\/p><p>Les bases de donn\u00e9es sont prot\u00e9g\u00e9es par les dispositions de la loi du 1er juillet 1998 transposant la directive 96\/9 du 11 mars 1996 relative \u00e0 la protection juridique des bases de donn\u00e9es.<\/p><h2>8. Liens hypertextes et cookies.<\/h2><p>La navigation sur le site https:\/\/www.mrg-associes.fr\/\u00a0est susceptible de provoquer l\u2019installation de cookie(s) sur l\u2019ordinateur de l\u2019utilisateur. Un cookie est un fichier de petite taille, qui ne permet pas l\u2019identification de l\u2019utilisateur, mais qui enregistre des informations relatives \u00e0 la navigation d\u2019un ordinateur sur un site. Les donn\u00e9es ainsi obtenues visent \u00e0 faciliter la navigation ult\u00e9rieure sur le site, et ont \u00e9galement vocation \u00e0 permettre diverses mesures de fr\u00e9quentation.<\/p><p>Le refus d\u2019installation d\u2019un cookie peut entra\u00eener l\u2019impossibilit\u00e9 d\u2019acc\u00e9der \u00e0 certains services. L\u2019utilisateur peut toutefois configurer son ordinateur de la mani\u00e8re suivante, pour refuser l\u2019installation des cookies :<\/p><ul><li><strong>Sous Internet Explorer<\/strong>\u00a0: onglet outil (pictogramme en forme de rouage en haut a droite) \/ options internet. Cliquez sur Confidentialit\u00e9 et choisissez Bloquer tous les cookies. Validez sur Ok.<\/li><li><strong>Sous Firefox<\/strong>\u00a0: en haut de la fen\u00eatre du navigateur, cliquez sur le bouton Firefox, puis aller dans l\u2019onglet Options. Cliquer sur l\u2019onglet Vie priv\u00e9e.<br \/>Param\u00e9trez les R\u00e8gles de conservation sur : utiliser les param\u00e8tres personnalis\u00e9s pour l\u2019historique. Enfin d\u00e9cochez-la pour d\u00e9sactiver les cookies.<\/li><li><strong>Sous Safari<\/strong>\u00a0: Cliquez en haut \u00e0 droite du navigateur sur le pictogramme de menu (symbolis\u00e9 par un rouage). S\u00e9lectionnez Param\u00e8tres. Cliquez sur Afficher les param\u00e8tres avanc\u00e9s. Dans la section \u00ab\u00a0Confidentialit\u00e9\u00a0\u00bb, cliquez sur Param\u00e8tres de contenu. Dans la section \u00ab\u00a0Cookies\u00a0\u00bb, vous pouvez bloquer les cookies.<\/li><li><strong>Sous Chrome<\/strong>\u00a0: Cliquez en haut \u00e0 droite du navigateur sur le pictogramme de menu (symbolis\u00e9 par trois lignes horizontales). S\u00e9lectionnez Param\u00e8tres. Cliquez sur Afficher les param\u00e8tres avanc\u00e9s. Dans la section \u00ab\u00a0Confidentialit\u00e9\u00a0\u00bb, cliquez sur pr\u00e9f\u00e9rences. Dans l\u2019onglet \u00ab\u00a0Confidentialit\u00e9\u00a0\u00bb, vous pouvez bloquer les cookies.<\/li><\/ul><h2>9. Droit applicable et attribution de juridiction.<\/h2><p>Tout litige en relation avec l\u2019utilisation du site https:\/\/www.mrg-associes.fr\/\u00a0est soumis au droit fran\u00e7ais. Il est fait attribution exclusive de juridiction aux tribunaux comp\u00e9tents de Paris.<\/p><h2>10. Les principales lois concern\u00e9es.<\/h2><p>Loi n\u00b0 78-17 du 6 janvier 1978, notamment modifi\u00e9e par la loi n\u00b0 2004-801 du 6 ao\u00fbt 2004 relative \u00e0 l\u2019informatique, aux fichiers et aux libert\u00e9s.<\/p><p>Loi n\u00b0 2004-575 du 21 juin 2004 pour la confiance dans l\u2019\u00e9conomie num\u00e9rique.<\/p>\t\t\t\t\t\t<\/div>\n\t\t\t\t<\/div>\n\t\t\t\t\t<\/div>\n\t\t<\/div>\n\t\t\t\t\t\t\t<\/div>\n\t\t<\/section>\n\t\t\t\t\t\t\t<\/div>\n\t\t","protected":false},"excerpt":{"rendered":"<p>1. Pr\u00e9sentation du site. En vertu de l\u2019article 6 de la loi n\u00b0 2004-575 du 21 juin 2004 pour la confiance dans l\u2019\u00e9conomie num\u00e9rique, il est pr\u00e9cis\u00e9 aux utilisateurs du site\u00a0https:\/\/www.mrg-associes.fr\/ l\u2019identit\u00e9 des diff\u00e9rents intervenants dans le cadre de sa r\u00e9alisation et de son suivi : Propri\u00e9taire : MRG &amp; associ\u00e9s, 80 route de Noailleux, &hellip;<\/p>\n<p class=\"read-more\"> <a class=\"\" href=\"https:\/\/www.mrg-associes.fr\/?page_id=589\"> <span class=\"screen-reader-text\">Mentions l\u00e9gales<\/span> Lire la suite\u00a0\u00bb<\/a><\/p>\n","protected":false},"author":1,"featured_media":0,"parent":0,"menu_order":10,"comment_status":"closed","ping_status":"closed","template":"","meta":{"ngg_post_thumbnail":0,"footnotes":""},"class_list":["post-589","page","type-page","status-publish","hentry"],"yoast_head":"<!-- This site is optimized with the Yoast SEO plugin v21.2 - https:\/\/yoast.com\/wordpress\/plugins\/seo\/ -->\n<title>Mentions l\u00e9gales -<\/title>\n<meta name=\"robots\" content=\"index, follow, max-snippet:-1, max-image-preview:large, max-video-preview:-1\" \/>\n<link rel=\"canonical\" href=\"https:\/\/www.mrg-associes.fr\/?page_id=589\" \/>\n<meta property=\"og:locale\" content=\"fr_FR\" \/>\n<meta property=\"og:type\" content=\"article\" \/>\n<meta property=\"og:title\" content=\"Mentions l\u00e9gales -\" \/>\n<meta property=\"og:description\" content=\"1. Pr\u00e9sentation du site. En vertu de l\u2019article 6 de la loi n\u00b0 2004-575 du 21 juin 2004 pour la confiance dans l\u2019\u00e9conomie num\u00e9rique, il est pr\u00e9cis\u00e9 aux utilisateurs du site\u00a0https:\/\/www.mrg-associes.fr\/ l\u2019identit\u00e9 des diff\u00e9rents intervenants dans le cadre de sa r\u00e9alisation et de son suivi : Propri\u00e9taire : MRG &amp; associ\u00e9s, 80 route de Noailleux, &hellip; Mentions l\u00e9gales Lire la suite\u00a0\u00bb\" \/>\n<meta property=\"og:url\" content=\"https:\/\/www.mrg-associes.fr\/?page_id=589\" \/>\n<meta property=\"article:modified_time\" content=\"2023-09-26T09:49:05+00:00\" \/>\n<meta name=\"twitter:card\" content=\"summary_large_image\" \/>\n<meta name=\"twitter:label1\" content=\"Dur\u00e9e de lecture estim\u00e9e\" \/>\n\t<meta name=\"twitter:data1\" content=\"6 minutes\" \/>\n<script type=\"application\/ld+json\" class=\"yoast-schema-graph\">{\"@context\":\"https:\/\/schema.org\",\"@graph\":[{\"@type\":\"WebPage\",\"@id\":\"https:\/\/www.mrg-associes.fr\/?page_id=589\",\"url\":\"https:\/\/www.mrg-associes.fr\/?page_id=589\",\"name\":\"Mentions l\u00e9gales -\",\"isPartOf\":{\"@id\":\"https:\/\/www.mrg-associes.fr\/#website\"},\"datePublished\":\"2021-06-25T17:01:25+00:00\",\"dateModified\":\"2023-09-26T09:49:05+00:00\",\"breadcrumb\":{\"@id\":\"https:\/\/www.mrg-associes.fr\/?page_id=589#breadcrumb\"},\"inLanguage\":\"fr-FR\",\"potentialAction\":[{\"@type\":\"ReadAction\",\"target\":[\"https:\/\/www.mrg-associes.fr\/?page_id=589\"]}]},{\"@type\":\"BreadcrumbList\",\"@id\":\"https:\/\/www.mrg-associes.fr\/?page_id=589#breadcrumb\",\"itemListElement\":[{\"@type\":\"ListItem\",\"position\":1,\"name\":\"Accueil\",\"item\":\"https:\/\/www.mrg-associes.fr\/\"},{\"@type\":\"ListItem\",\"position\":2,\"name\":\"Mentions l\u00e9gales\"}]},{\"@type\":\"WebSite\",\"@id\":\"https:\/\/www.mrg-associes.fr\/#website\",\"url\":\"https:\/\/www.mrg-associes.fr\/\",\"name\":\"\",\"description\":\"MRG &amp; associ\u00e9s - ma\u00eetrise d&#039;oeuvre\",\"potentialAction\":[{\"@type\":\"SearchAction\",\"target\":{\"@type\":\"EntryPoint\",\"urlTemplate\":\"https:\/\/www.mrg-associes.fr\/?s={search_term_string}\"},\"query-input\":\"required name=search_term_string\"}],\"inLanguage\":\"fr-FR\"}]}<\/script>\n<!-- \/ Yoast SEO plugin. -->","yoast_head_json":{"title":"Mentions l\u00e9gales -","robots":{"index":"index","follow":"follow","max-snippet":"max-snippet:-1","max-image-preview":"max-image-preview:large","max-video-preview":"max-video-preview:-1"},"canonical":"https:\/\/www.mrg-associes.fr\/?page_id=589","og_locale":"fr_FR","og_type":"article","og_title":"Mentions l\u00e9gales -","og_description":"1. Pr\u00e9sentation du site. En vertu de l\u2019article 6 de la loi n\u00b0 2004-575 du 21 juin 2004 pour la confiance dans l\u2019\u00e9conomie num\u00e9rique, il est pr\u00e9cis\u00e9 aux utilisateurs du site\u00a0https:\/\/www.mrg-associes.fr\/ l\u2019identit\u00e9 des diff\u00e9rents intervenants dans le cadre de sa r\u00e9alisation et de son suivi : Propri\u00e9taire : MRG &amp; associ\u00e9s, 80 route de Noailleux, &hellip; Mentions l\u00e9gales Lire la suite\u00a0\u00bb","og_url":"https:\/\/www.mrg-associes.fr\/?page_id=589","article_modified_time":"2023-09-26T09:49:05+00:00","twitter_card":"summary_large_image","twitter_misc":{"Dur\u00e9e de lecture estim\u00e9e":"6 minutes"},"schema":{"@context":"https:\/\/schema.org","@graph":[{"@type":"WebPage","@id":"https:\/\/www.mrg-associes.fr\/?page_id=589","url":"https:\/\/www.mrg-associes.fr\/?page_id=589","name":"Mentions l\u00e9gales -","isPartOf":{"@id":"https:\/\/www.mrg-associes.fr\/#website"},"datePublished":"2021-06-25T17:01:25+00:00","dateModified":"2023-09-26T09:49:05+00:00","breadcrumb":{"@id":"https:\/\/www.mrg-associes.fr\/?page_id=589#breadcrumb"},"inLanguage":"fr-FR","potentialAction":[{"@type":"ReadAction","target":["https:\/\/www.mrg-associes.fr\/?page_id=589"]}]},{"@type":"BreadcrumbList","@id":"https:\/\/www.mrg-associes.fr\/?page_id=589#breadcrumb","itemListElement":[{"@type":"ListItem","position":1,"name":"Accueil","item":"https:\/\/www.mrg-associes.fr\/"},{"@type":"ListItem","position":2,"name":"Mentions l\u00e9gales"}]},{"@type":"WebSite","@id":"https:\/\/www.mrg-associes.fr\/#website","url":"https:\/\/www.mrg-associes.fr\/","name":"","description":"MRG &amp; associ\u00e9s - ma\u00eetrise d&#039;oeuvre","potentialAction":[{"@type":"SearchAction","target":{"@type":"EntryPoint","urlTemplate":"https:\/\/www.mrg-associes.fr\/?s={search_term_string}"},"query-input":"required name=search_term_string"}],"inLanguage":"fr-FR"}]}},"_links":{"self":[{"href":"https:\/\/www.mrg-associes.fr\/index.php?rest_route=\/wp\/v2\/pages\/589","targetHints":{"allow":["GET"]}}],"collection":[{"href":"https:\/\/www.mrg-associes.fr\/index.php?rest_route=\/wp\/v2\/pages"}],"about":[{"href":"https:\/\/www.mrg-associes.fr\/index.php?rest_route=\/wp\/v2\/types\/page"}],"author":[{"embeddable":true,"href":"https:\/\/www.mrg-associes.fr\/index.php?rest_route=\/wp\/v2\/users\/1"}],"replies":[{"embeddable":true,"href":"https:\/\/www.mrg-associes.fr\/index.php?rest_route=%2Fwp%2Fv2%2Fcomments&post=589"}],"version-history":[{"count":7,"href":"https:\/\/www.mrg-associes.fr\/index.php?rest_route=\/wp\/v2\/pages\/589\/revisions"}],"predecessor-version":[{"id":599,"href":"https:\/\/www.mrg-associes.fr\/index.php?rest_route=\/wp\/v2\/pages\/589\/revisions\/599"}],"wp:attachment":[{"href":"https:\/\/www.mrg-associes.fr\/index.php?rest_route=%2Fwp%2Fv2%2Fmedia&parent=589"}],"curies":[{"name":"wp","href":"https:\/\/api.w.org\/{rel}","templated":true}]}}